{"id":1925,"date":"2020-03-01T14:55:15","date_gmt":"2020-03-01T13:55:15","guid":{"rendered":"http:\/\/www.telco.to.it\/?page_id=1925"},"modified":"2020-03-16T11:38:26","modified_gmt":"2020-03-16T10:38:26","slug":"manutenzione-stufe-a-pellet","status":"publish","type":"page","link":"https:\/\/www.telco.to.it\/index.php\/nostri-servizi\/manutenzione-stufe-a-pellet\/","title":{"rendered":"STUFE A PELLET Manutenzione e riparazioni"},"content":{"rendered":"\n<p> <\/p>\n\n\n\n<p><strong>IL NOSTRO SERVIZIO DI MANUTENZIONE PERIODICA: COSTO 90 EURO<\/strong><\/p>\n\n\n\n<p>Cosa comprende il Servizio:<br>\u00a0&#8211; intervento eseguito a domicilio da un tecnico qualificato<br>&#8211; pulizia accurata della camera di combustione;<br>&#8211; controllo e sostituzione guarnizioni;<br>&#8211; pulizia di tutto il passaggio fumi fino alla canna fumaria;<br>&#8211; pulizia ventilatore scambiatore<br>&#8211; pulizia estrattore fumi<br>&#8211; aggiornamento del libretto di impianto come daDM 10\/02\/2014 (non primo rilascio) <\/p>\n\n\n\n<p><strong>Manutenzione stufe a pellet<\/strong>:&nbsp;una piccola guida che potr\u00e0 aiutarvi a gestire al meglio il vostro impianto di riscaldamento,&nbsp;<strong>allungandone il ciclo di vita e l\u2019efficienza.<\/strong><\/p>\n\n\n\n<h4 class=\"wp-block-heading\"><strong>Quando farlo<\/strong><\/h4>\n\n\n\n<p>Possiamo distinguere almeno due tipi di operazioni di&nbsp;manutenzione della stufa: ordinaria e periodica.<\/p>\n\n\n\n<p>La prima \u00e8 affidata all\u2019utilizzatore dell\u2019apparecchio e prevede le operazioni pi\u00f9 semplici e frequenti da compiere: pulizia del piano fuoco, del braciere, del cassetto della cenere. Va eseguita in genere un paio di volte a settimana, con l\u2019ausilio di un aspiratore.<\/p>\n\n\n\n<p>La manutenzione stufe a pellet periodica, invece, va fatta almeno una volta all&#8217;anno e affidata a personale specializzato,&nbsp;<strong>TELCO \u00e8 un centro autorizzato delle migliori marche, &nbsp;<\/strong>ha tecnici specializzati e formati per compiere queste operazioni che&nbsp;prevedono una pulizia e un controllo pi\u00f9 approfondito.<\/p>\n\n\n\n<p>Varie tipologie di stufe possiedono una funzione particolare, chiamata \u201cFunzione pulizia stufa\u201d, che serve per eseguire una pulizia superficiale dell\u2019apparecchio. Basta spegnere il dispositivo e attivare il pulsante. Si tratta di un meccanismo di raschiamento meccanico utile soprattutto quando si adoperano grandi quantit\u00e0 di pellet al giorno.<\/p>\n\n\n\n<p>Se il vostro apparecchio ne \u00e8 sprovvisto, potete eseguire la stessa operazione manualmente, prestando attenzione, per\u00f2, che tutte le parti del dispositivo si siano raffreddate. \u00c8 importante adoperare solo panni asciutti e non abrasivi, escludendo l\u2019uso di detersivi, per evitare di intaccare la vernice del rivestimento.<\/p>\n\n\n\n<p>La semplicit\u00e0 di questa operazione \u00e8 direttamente proporzionale alla qualit\u00e0 del pellet adoperato.<\/p>\n\n\n\n<h4 class=\"wp-block-heading\"><strong>Come farlo<\/strong><\/h4>\n\n\n\n<p>Vetro esterno e vetro interno vanno puliti tutti i giorni con un panno leggermente umido. Fate attenzione a non bagnare la guarnizione e a non strofinarla.<\/p>\n\n\n\n<p><a href=\"https:\/\/www.pelletplus.it\/prodotto\/yellow-pine\/\">Se il pellet \u00e8 di buona qualit\u00e0<\/a>&nbsp;e l\u2019installazione \u00e8 stata fatta a regola d\u2019arte, sul vetro si depositer\u00e0 solamente un leggero strato di cenere che \u00e8 possibile rimuovere con un pennello asciutto. Se la combustione \u00e8 pi\u00f9 \u201csporca\u201d, invece, dovrete procedere a una pulizia pi\u00f9 approfondita.<\/p>\n\n\n\n<p>Il crogiuolo della combustione va pulito con un panno asciutto.<\/p>\n\n\n\n<p>Per la pulizia interna&nbsp;dell\u2019apparecchio, dovrete innanzitutto aprire la porticina del focolare.<\/p>\n\n\n\n<p>La rimozione della cenere depositata all\u2019interno del focolare va effettuata ogni giorno, o comunque quando necessario, in base al tipo di combustione.<\/p>\n\n\n\n<p>Per semplificare l\u2019operazione, potete adoperare un\u2019aspirapolvere adatto a caminetti e stufe. Se sono presenti delle incrostazioni, invece, \u00e8 necessario rimuovere il braciere dalla sua sede e pulire a fondo tutti i fori e la grata.<\/p>\n\n\n\n<h4 class=\"wp-block-heading\"><strong>Perch\u00e9 \u00e8 cos\u00ec importante pulire il focolare?<\/strong><\/h4>\n\n\n\n<p>Perch\u00e9 \u00e8 necessario assicurare il libero afflusso dell\u2019aria nella camera di combustione, in modo da avere un migliore funzionamento dell\u2019apparecchio.<\/p>\n\n\n\n<p>Anche i tubi di scarico andranno puliti per garantire un corretto tiraggio. L\u2019operazione \u00e8 molto semplice: i tubi vanno sfilati e puliti con l\u2019ausilio di uno scovolino del diametro adatto.<\/p>\n\n\n\n<p>La pulizia del cassetto cenere o del vano raccogli cenere va invece eseguita con maggiore frequenza. A stufa spenta e fredda, aprite lo sportello di accesso al focolare, rimuovete il cassettino per la raccolta delle ceneri, togliete la griglia di protezione e svuotatene il contenuto. Con un aspiratore, rimuovete eventuali residui di ceneri presenti ai lati del bruciatore e del cassettino.<\/p>\n\n\n\n<p>Durante la pulizia periodica settimanale, potrebbe essere opportuno effettuare anche l\u2019aspirazione della trama del filtro.<\/p>\n\n\n\n<h4 class=\"wp-block-heading\"><strong>Manutenzione stufe a pellet straordinaria<\/strong><\/h4>\n\n\n\n<p>In alcune stufe pu\u00f2 comparire un avviso sul display che riporta la dicitura \u201cmanutenzione straordinaria\u201d. Di che cosa si tratta?<\/p>\n\n\n\n<p>La manutenzione straordinaria \u00e8 un allarme che non&nbsp;blocca il funzionamento del prodotto. Dopo la sua comparsa, infatti, la stufa continua a funzionare. L\u2019avviso, inserito da alcune case produttrici di stufe a pellet, scatta in alcuni casi al raggiungimento delle 2 mila ore di lavoro, come segnale per effettuare una pulizia approfondita dell\u2019apparecchio.<\/p>\n\n\n\n<h4 class=\"wp-block-heading\"><strong>Operazioni annuali<\/strong><\/h4>\n\n\n\n<p>Le operazioni di manutenzione stufe a pellet&nbsp;annuali \u00e8 opportuno affidarle&nbsp;a personale specializzato,&nbsp;<strong>TELCO \u00e8 centro assistenza autorizzato delle migliori marche<\/strong>,&nbsp;offre interventi in&nbsp; garanzia, manutenzioni periodiche e riparazione guasti.<\/p>\n\n\n\n<p>Questo genere di operazioni prevede una pulizia approfondita, interna ed esterna, di tutti i condotti fumi della stufa, la rimozione del rivestimento interno del focolare e la pulizia e disincrostazione del crogiolo e del relativo vano. Oltre naturalmente al controllo e pulizia dei ventilatori, della resistenza di accensione, del pannello della centralina, del telecomando. Anche i cavi elettrici devono essere ispezionati e, all\u2019occorrenza, cambiati. Il serbatoio pellet e il gioco coclea-motoriduttore devono essere puliti e verificati e, infine, deve essere effettuato il collaudo con caricamento ed accensione.<\/p>\n\n\n\n<p>Allo stesso modo, almeno una volta all\u2019anno deve essere effettuata l\u2019ispezione e la pulizia della canna fumaria e del tiraggio.<\/p>\n\n\n\n<p>Ogni uno o due anni, in base alla frequenza con cui si utilizza e accende l\u2019apparecchio, dovr\u00e0 essere sostituita la resistenza elettrica.<\/p>\n\n\n\n<p>Quanta pi\u00f9 attenzione abbiamo prestato alle operazioni di manutenzione ordinaria durante l\u2019anno, tanto pi\u00f9 semplice e priva di sorprese sar\u00e0 l\u2019operazione di manutenzione periodica della stufa a pellet.<\/p>\n\n\n\n<p>Naturalmente, anche la scelta del pellet da bruciare nei vostri apparecchi rende pi\u00f9 o meno semplice le operazioni di manutenzione. Prestate sempre attenzione alle schede tecniche dei prodotti, scegliendo pellet con basso residuo di ceneri.<\/p>\n\n\n\n<p>Queste semplici e importanti cure della stufa a pellet permettono di vivere l\u2019inverno serenamente, al caldo, senza fastidiose fuoriuscite di fumo e spiacevoli sorprese durante la combustione.<\/p>\n","protected":false},"excerpt":{"rendered":"<p>IL NOSTRO SERVIZIO DI MANUTENZIONE PERIODICA: COSTO 90 EURO Cosa comprende il Servizio:\u00a0&#8211; intervento eseguito a domicilio da un tecnico qualificato&#8211; pulizia accurata della camera di combustione;&#8211; controllo e sostituzione guarnizioni;&#8211; pulizia di tutto il passaggio fumi fino alla canna fumaria;&#8211; pulizia ventilatore scambiatore&#8211; pulizia estrattore fumi&#8211; aggiornamento del libretto di impianto come daDM 10\/02\/2014 &hellip; <\/p>\n<p class=\"link-more\"><a href=\"https:\/\/www.telco.to.it\/index.php\/nostri-servizi\/manutenzione-stufe-a-pellet\/\" class=\"more-link\">Leggi tutto<span class=\"screen-reader-text\"> &#8220;STUFE A PELLET Manutenzione e riparazioni&#8221;<\/span><\/a><\/p>\n","protected":false},"author":1,"featured_media":0,"parent":2609,"menu_order":4,"comment_status":"closed","ping_status":"closed","template":"template-fullwidth.php","meta":{"footnotes":""},"yst_prominent_words":[1576,1578,1575,1574],"yoast_head":"<!-- This site is optimized with the Yoast SEO Premium plugin v14.2 - https:\/\/yoast.com\/wordpress\/plugins\/seo\/ -->\r\n<title>STUFE A PELLET Manutenzione e riparazioni - TELCO sas di Finotti Davide<\/title>\r\n<meta name=\"robots\" content=\"index, follow\" \/>\r\n<meta name=\"googlebot\" content=\"index, follow, max-snippet:-1, max-image-preview:large, max-video-preview:-1\" \/>\r\n<meta name=\"bingbot\" content=\"index, follow, max-snippet:-1, max-image-preview:large, max-video-preview:-1\" \/>\r\n<link rel=\"canonical\" href=\"http:\/\/www.telco.to.it\/index.php\/nostri-servizi\/manutenzione-stufe-a-pellet\/\" \/>\r\n<meta property=\"og:locale\" content=\"it_IT\" \/>\r\n<meta property=\"og:type\" content=\"article\" \/>\r\n<meta property=\"og:title\" content=\"STUFE A PELLET Manutenzione e riparazioni - TELCO sas di Finotti Davide\" \/>\r\n<meta property=\"og:url\" content=\"http:\/\/www.telco.to.it\/index.php\/nostri-servizi\/manutenzione-stufe-a-pellet\/\" \/>\r\n<meta property=\"og:site_name\" content=\"TELCO sas di Finotti Davide\" \/>\r\n<meta property=\"article:publisher\" content=\"https:\/\/www.facebook.com\/TELCOdiFinottiDavide\" \/>\r\n<meta property=\"article:modified_time\" content=\"2020-03-16T10:38:26+00:00\" \/>\r\n<meta name=\"twitter:card\" content=\"summary_large_image\" \/>\r\n<script type=\"application\/ld+json\" class=\"yoast-schema-graph\">{\"@context\":\"https:\/\/schema.org\",\"@graph\":[{\"@type\":\"Organization\",\"@id\":\"https:\/\/www.telco.to.it\/#organization\",\"name\":\"TELCO di Finotti Davide\",\"url\":\"https:\/\/www.telco.to.it\/\",\"sameAs\":[\"https:\/\/www.facebook.com\/TELCOdiFinottiDavide\"],\"logo\":{\"@type\":\"ImageObject\",\"@id\":\"https:\/\/www.telco.to.it\/#logo\",\"inLanguage\":\"it-IT\",\"url\":\"https:\/\/www.telco.to.it\/wp-content\/uploads\/2020\/03\/telco-servizi-v1-1.gif\",\"width\":1171,\"height\":1162,\"caption\":\"TELCO di Finotti Davide\"},\"image\":{\"@id\":\"https:\/\/www.telco.to.it\/#logo\"}},{\"@type\":\"WebSite\",\"@id\":\"https:\/\/www.telco.to.it\/#website\",\"url\":\"https:\/\/www.telco.to.it\/\",\"name\":\"TELCO di Finotti Davide\",\"description\":\"Centro assistenza stufe e caminetti a pellet\",\"publisher\":{\"@id\":\"https:\/\/www.telco.to.it\/#organization\"},\"potentialAction\":[{\"@type\":\"SearchAction\",\"target\":\"https:\/\/www.telco.to.it\/?s={search_term_string}\",\"query-input\":\"required name=search_term_string\"}],\"inLanguage\":\"it-IT\"},{\"@type\":\"WebPage\",\"@id\":\"http:\/\/www.telco.to.it\/index.php\/nostri-servizi\/manutenzione-stufe-a-pellet\/#webpage\",\"url\":\"http:\/\/www.telco.to.it\/index.php\/nostri-servizi\/manutenzione-stufe-a-pellet\/\",\"name\":\"STUFE A PELLET Manutenzione e riparazioni - TELCO sas di Finotti Davide\",\"isPartOf\":{\"@id\":\"https:\/\/www.telco.to.it\/#website\"},\"datePublished\":\"2020-03-01T13:55:15+00:00\",\"dateModified\":\"2020-03-16T10:38:26+00:00\",\"inLanguage\":\"it-IT\",\"potentialAction\":[{\"@type\":\"ReadAction\",\"target\":[\"http:\/\/www.telco.to.it\/index.php\/nostri-servizi\/manutenzione-stufe-a-pellet\/\"]}]}]}<\/script>\r\n<!-- \/ Yoast SEO Premium plugin. -->","_links":{"self":[{"href":"https:\/\/www.telco.to.it\/index.php\/wp-json\/wp\/v2\/pages\/1925"}],"collection":[{"href":"https:\/\/www.telco.to.it\/index.php\/wp-json\/wp\/v2\/pages"}],"about":[{"href":"https:\/\/www.telco.to.it\/index.php\/wp-json\/wp\/v2\/types\/page"}],"author":[{"embeddable":true,"href":"https:\/\/www.telco.to.it\/index.php\/wp-json\/wp\/v2\/users\/1"}],"replies":[{"embeddable":true,"href":"https:\/\/www.telco.to.it\/index.php\/wp-json\/wp\/v2\/comments?post=1925"}],"version-history":[{"count":0,"href":"https:\/\/www.telco.to.it\/index.php\/wp-json\/wp\/v2\/pages\/1925\/revisions"}],"up":[{"embeddable":true,"href":"https:\/\/www.telco.to.it\/index.php\/wp-json\/wp\/v2\/pages\/2609"}],"wp:attachment":[{"href":"https:\/\/www.telco.to.it\/index.php\/wp-json\/wp\/v2\/media?parent=1925"}],"wp:term":[{"taxonomy":"yst_prominent_words","embeddable":true,"href":"https:\/\/www.telco.to.it\/index.php\/wp-json\/wp\/v2\/yst_prominent_words?post=1925"}],"curies":[{"name":"wp","href":"https:\/\/api.w.org\/{rel}","templated":true}]}}